{"id":13,"date":"2025-02-04T03:53:44","date_gmt":"2025-02-04T03:53:44","guid":{"rendered":"https:\/\/zb.sytaaa.com\/?page_id=13"},"modified":"2025-07-25T12:22:41","modified_gmt":"2025-07-25T12:22:41","slug":"shipping","status":"publish","type":"page","link":"https:\/\/vovacell.com\/de\/shipping\/","title":{"rendered":"Informationen zu Versand und Lieferung"},"content":{"rendered":"<ol>\r\n<li><b><\/b><strong><b>Die auf den Produktseiten genannten Preise enthalten die gesetzliche Mehrwertsteuer und sonstige Preisbestandteile wie z.B. die Versandkosten innerhalb Europas.<\/b><\/strong><\/li>\r\n<li>Die Versandkosten werden Ihnen im Warenkorbsystem und auf der Bestellseite nochmals deutlich mitgeteilt.<\/li>\r\n<li>Die Versandkosten enthalten die gesetzliche Mehrwertsteuer. Da die Mehrwertsteuer auf die Versandkosten auf der Grundlage der gekauften Ware berechnet wird, k\u00f6nnen sich die Versandkosten reduzieren, wenn die gekaufte Ware einen niedrigeren Mehrwertsteuersatz hat (z.B. beim Kauf von B\u00fcchern). Dies bedeutet, dass die Versandkosten erst w\u00e4hrend des Bestellvorgangs endg\u00fcltig berechnet werden k\u00f6nnen. Es ist jedoch unwahrscheinlich, dass die Versandkosten h\u00f6her ausfallen und nur zu Ihren Gunsten ausfallen.<\/li>\r\n<li><b><\/b><strong><b>Die Kosten f\u00fcr den Versand ins Ausland sind wie folgt:<\/b><\/strong><\/li>\r\n<\/ol>\r\n<p>Europa, T\u00fcrkei: EUR 35,00<br \/>Schweiz: Euro45,00<br \/>Vereinigtes K\u00f6nigreich: 45,00 Euro<br \/>Russland, Wei\u00dfrussland, Ukraine: 55,00 Euro<br \/>Rest der Welt: 55,00 Euro<\/p>\r\n<p>Die Auslandspreise sind netto. Die Mehrwertsteuer wird f\u00fcr jede Bestellung separat berechnet. Die Versandinformationen beziehen sich auf Bestellungen f\u00fcr Haushaltsmengen. Die Lieferung nach \u00dcbersee erfolgt auf FOB-Basis.<strong><b>Zus\u00e4tzliche Tarife sind nicht enthalten.<\/b><\/strong><\/p>\r\n<ol start=\"5\">\r\n<li>Die Eink\u00e4ufe erf\u00fcllen bestimmte Bedingungen f\u00fcr den kostenlosen Versand in Ihre Region, aber die Steuern liegen in der Verantwortung des K\u00e4ufers.<\/li>\r\n<li>Der K\u00e4ufer hat auch die M\u00f6glichkeit, die Ware beim Dienstleister abzuholen.<\/li>\r\n<\/ol>","protected":false},"excerpt":{"rendered":"<p>\u4ea7\u54c1\u9875\u9762\u4e0a\u5217\u51fa\u7684\u4ef7\u683c\u5305\u542b\u6cd5\u5b9a\u589e\u503c\u7a0e\u53ca\u5176\u4ed6<\/p>","protected":false},"author":2,"featured_media":0,"parent":0,"menu_order":0,"comment_status":"closed","ping_status":"closed","template":"","meta":{"footnotes":""},"class_list":["post-13","page","type-page","status-publish","hentry"],"_links":{"self":[{"href":"https:\/\/vovacell.com\/de\/wp-json\/wp\/v2\/pages\/13","targetHints":{"allow":["GET"]}}],"collection":[{"href":"https:\/\/vovacell.com\/de\/wp-json\/wp\/v2\/pages"}],"about":[{"href":"https:\/\/vovacell.com\/de\/wp-json\/wp\/v2\/types\/page"}],"author":[{"embeddable":true,"href":"https:\/\/vovacell.com\/de\/wp-json\/wp\/v2\/users\/2"}],"replies":[{"embeddable":true,"href":"https:\/\/vovacell.com\/de\/wp-json\/wp\/v2\/comments?post=13"}],"version-history":[{"count":3,"href":"https:\/\/vovacell.com\/de\/wp-json\/wp\/v2\/pages\/13\/revisions"}],"predecessor-version":[{"id":28457,"href":"https:\/\/vovacell.com\/de\/wp-json\/wp\/v2\/pages\/13\/revisions\/28457"}],"wp:attachment":[{"href":"https:\/\/vovacell.com\/de\/wp-json\/wp\/v2\/media?parent=13"}],"curies":[{"name":"wp","href":"https:\/\/api.w.org\/{rel}","templated":true}]}}