{"id":13,"date":"2025-02-04T03:53:44","date_gmt":"2025-02-04T03:53:44","guid":{"rendered":"https:\/\/zb.sytaaa.com\/?page_id=13"},"modified":"2025-07-25T12:22:41","modified_gmt":"2025-07-25T12:22:41","slug":"shipping","status":"publish","type":"page","link":"https:\/\/vovacell.com\/fr\/shipping\/","title":{"rendered":"Informations sur l'exp\u00e9dition et la livraison"},"content":{"rendered":"<ol>\r\n<li><b><\/b><strong><b>Les prix indiqu\u00e9s sur les pages des produits incluent la TVA l\u00e9gale et d'autres \u00e9l\u00e9ments de prix tels que les frais d'exp\u00e9dition en Europe.<\/b><\/strong><\/li>\r\n<li>Les frais d'exp\u00e9dition vous seront \u00e0 nouveau clairement communiqu\u00e9s dans le syst\u00e8me du panier d'achat et sur la page de commande.<\/li>\r\n<li>Les frais d'exp\u00e9dition incluent la TVA l\u00e9gale. La TVA sur les frais d'exp\u00e9dition \u00e9tant calcul\u00e9e sur la base des biens achet\u00e9s, si les biens achet\u00e9s ont un taux de TVA inf\u00e9rieur (par exemple, l'achat de livres), les frais d'exp\u00e9dition peuvent \u00eatre r\u00e9duits. Cela signifie que les frais d'exp\u00e9dition ne peuvent \u00eatre calcul\u00e9s d\u00e9finitivement qu'au cours du processus de commande. Toutefois, il est peu probable que les frais d'exp\u00e9dition soient plus \u00e9lev\u00e9s que cela et ils ne peuvent que vous \u00eatre favorables.<\/li>\r\n<li><b><\/b><strong><b>Les frais d'envoi \u00e0 l'\u00e9tranger sont les suivants :<\/b><\/strong><\/li>\r\n<\/ol>\r\n<p>Europe, Turquie : EUR 35.00<br \/>Suisse : Euro45.00<br \/>Royaume-Uni : 45,00 euros<br \/>Russie, Bi\u00e9lorussie, Ukraine : 55,00 euros<br \/>Reste du monde : 55,00 euros<\/p>\r\n<p>Les prix \u00e9trangers sont nets. La TVA sera calcul\u00e9e s\u00e9par\u00e9ment pour chaque commande. Les informations relatives \u00e0 l'exp\u00e9dition sont bas\u00e9es sur des commandes de quantit\u00e9s domestiques. Les livraisons \u00e0 l'\u00e9tranger se font sur une base FOB.<strong><b>Les tarifs suppl\u00e9mentaires ne sont pas inclus.<\/b><\/strong><\/p>\r\n<ol start=\"5\">\r\n<li>Les achats remplissent certaines conditions pour b\u00e9n\u00e9ficier de la livraison gratuite dans votre r\u00e9gion, mais les taxes sont \u00e0 la charge de l'acheteur.<\/li>\r\n<li>Les acheteurs ont \u00e9galement la possibilit\u00e9 d'aller chercher le produit chez le prestataire de services.<\/li>\r\n<\/ol>","protected":false},"excerpt":{"rendered":"<p>\u4ea7\u54c1\u9875\u9762\u4e0a\u5217\u51fa\u7684\u4ef7\u683c\u5305\u542b\u6cd5\u5b9a\u589e\u503c\u7a0e\u53ca\u5176\u4ed6<\/p>","protected":false},"author":2,"featured_media":0,"parent":0,"menu_order":0,"comment_status":"closed","ping_status":"closed","template":"","meta":{"footnotes":""},"class_list":["post-13","page","type-page","status-publish","hentry"],"_links":{"self":[{"href":"https:\/\/vovacell.com\/fr\/wp-json\/wp\/v2\/pages\/13","targetHints":{"allow":["GET"]}}],"collection":[{"href":"https:\/\/vovacell.com\/fr\/wp-json\/wp\/v2\/pages"}],"about":[{"href":"https:\/\/vovacell.com\/fr\/wp-json\/wp\/v2\/types\/page"}],"author":[{"embeddable":true,"href":"https:\/\/vovacell.com\/fr\/wp-json\/wp\/v2\/users\/2"}],"replies":[{"embeddable":true,"href":"https:\/\/vovacell.com\/fr\/wp-json\/wp\/v2\/comments?post=13"}],"version-history":[{"count":3,"href":"https:\/\/vovacell.com\/fr\/wp-json\/wp\/v2\/pages\/13\/revisions"}],"predecessor-version":[{"id":28457,"href":"https:\/\/vovacell.com\/fr\/wp-json\/wp\/v2\/pages\/13\/revisions\/28457"}],"wp:attachment":[{"href":"https:\/\/vovacell.com\/fr\/wp-json\/wp\/v2\/media?parent=13"}],"curies":[{"name":"wp","href":"https:\/\/api.w.org\/{rel}","templated":true}]}}